{"id":303,"date":"2017-03-16T13:03:26","date_gmt":"2017-03-16T10:03:26","guid":{"rendered":"http:\/\/christine-miller.dv.themerex.net\/?page_id=303"},"modified":"2023-04-06T14:48:25","modified_gmt":"2023-04-06T12:48:25","slug":"ejc-consulting-recruitment-gmbh","status":"publish","type":"page","link":"https:\/\/www.europejobcenter.com\/de\/","title":{"rendered":"F\u00fcr Unternehmen"},"content":{"rendered":"<p>[vc_row][vc_column][\/vc_column][\/vc_row][vc_row full_height=&#8220;yes&#8220; css_animation=&#8220;fadeInRight&#8220;][vc_column]<a id=\"sc_anchor_anchor_1\" class=\"sc_anchor sc_anchor_default\" \r\n\t\ttitle=\"\" \r\n\t\tdata-icon=\"\" \r\n\t\tdata-url=\"#anchor_1\"\r\n><\/a>[vc_empty_space height=&#8220;4.5em&#8220; alter_height=&#8220;none&#8220; hide_on_mobile=&#8220;&#8220;]<div  id=\"sc_promo_1262821939\" \r\n\tclass=\"sc_promo sc_promo_default sc_promo_size_large sc_promo_no_paddings sc_promo_image_position_left\"><div class=\"sc_promo_image\" style=\"background-image:url(https:\/\/www.europejobcenter.com\/de\/wp-content\/uploads\/sites\/2\/2022\/03\/pexels-lukas-684387-scaled.jpg);width:41%;left: 0;\"><\/div><div class=\"sc_promo_text\" style=\"width: 59%;float: right;\">\r\n\t\t\t<div class=\"sc_promo_text_inner\" style=\"\"><h6 class=\"sc_item_subtitle sc_promo_subtitle sc_align_left sc_item_title_style_default\">UNSERE LEISTUNGEN PLUS<\/h6><h1 class=\"sc_item_title sc_promo_title sc_align_left sc_item_title_style_default sc_item_title_tag\">So l\u00e4uft die Integration von Fachkr\u00e4ften reibungslos<\/h1><div class=\"sc_item_descr sc_promo_descr sc_align_left\"><p>Wir kennen den Fachkr\u00e4fte-Markt und die Menschen aus T\u00fcrkei und aus dem Iran<\/p>\n<p>\u2013 da wir von dort stammen und die Sprache der Bewerber sprechen.<\/p>\n<p>Mehr als nur Personal beschaffen und vermitteln! Wir begleiten Bewerber und<\/p>\n<p>Unternehmen langfristig, berufsbegleitend und bieten Unterst\u00fctzung durch die Integration PLUS.<\/p>\n<\/div><div class=\"sc_promo_content sc_item_content\">[vc_empty_space height=&#8220;2em&#8220; alter_height=&#8220;none&#8220; hide_on_mobile=&#8220;&#8220;]<a href=\"\/kontakt\" id=\"sc_button_1750083380\" class=\"sc_button sc_button_default sc_button_size_normal sc_button_icon_left\"><span class=\"sc_button_text\"><span class=\"sc_button_title\">Kontakt<\/span><\/span><!-- \/.sc_button_text --><\/a><!-- \/.sc_button --><\/div><\/div>\r\n\t\t<\/div><!-- \/.sc_promo_text --><\/div><!-- \/.sc_promo -->[\/vc_column][\/vc_row][vc_row full_width=&#8220;stretch_row_content_no_spaces&#8220; full_height=&#8220;yes&#8220; css_animation=&#8220;fadeInUp&#8220;][vc_column]<a id=\"sc_anchor_anchor_2\" class=\"sc_anchor sc_anchor_default\" \r\n\t\ttitle=\"\" \r\n\t\tdata-icon=\"\" \r\n\t\tdata-url=\"#anchor_2\"\r\n><\/a><div  id=\"sc_action_480510507\" \r\n\tclass=\"scheme_dark sc_action sc_action_simple custom_action_large\"><div class=\"sc_action_content sc_item_content\"><div class=\"sc_action_item sc_action_item_simple with_image trx_addons_stretch_height sc_action_item_ml\" style=\"background-image:url(https:\/\/www.europejobcenter.com\/de\/wp-content\/uploads\/sites\/2\/2017\/03\/service-2-1170x658.jpg);\">\r\n\t\t\t\t\t\t\t<div class=\"sc_action_item_mask\"><\/div>\r\n\t\t\t\t<div class=\"sc_action_item_inner\">\r\n\t\t\t\t<div class=\"sc_action_item_icon sc_action_item_icon_type_ icon-phone-2\"\r\n\t\t\t\t\t\t\t\t\t\t\t\t><span class=\"sc_action_item_icon_type_ icon-phone-2\"\r\n\t\t\t\t\t\t\t\t\t\t\t\t\t><\/span><\/div><h3 class=\"sc_action_item_title\"><span>Wie k\u00f6nnen wir Sie unterst\u00fctzen? Sprechen Sie uns einfach an \u2013 wir finden f\u00fcr Sie eine ma\u00dfgeschneiderte L\u00f6sung.<\/span><\/h3><h6 class=\"sc_action_item_subtitle\"><span>Kontaktieren Sie uns!<\/span><\/h6><\/div><!-- \/.sc_action_item_inner --><a href=\"\/kontakt\/\" class=\"sc_action_item_link sc_action_item_link_over\"><\/a><\/div><\/div><\/div><!-- \/.sc_action -->[\/vc_column][\/vc_row][vc_row full_width=&#8220;stretch_row_content_no_spaces&#8220; equal_height=&#8220;yes&#8220; content_placement=&#8220;middle&#8220; css_animation=&#8220;fadeInRight&#8220;][vc_column width=&#8220;1\/4&#8243; scheme=&#8220;dark&#8220; css=&#8220;.vc_custom_1492090302191{background-color: #090c1b !important;}&#8220;]<a id=\"sc_anchor_scroll_down\" class=\"sc_anchor sc_anchor_default\" \r\n\t\ttitle=\"\" \r\n\t\tdata-icon=\"\" \r\n\t\tdata-url=\"#scroll_down\"\r\n><\/a>[vc_empty_space height=&#8220;&#8220; alter_height=&#8220;large&#8220; hide_on_mobile=&#8220;&#8220;][vc_column_text]<\/p>\n<h6 style=\"text-align: center;\">Kontakt<\/h6>\n<p style=\"text-align: center;\">T: <span class=\"S1PPyQ\">069 30065501<\/span><br \/>\nF: <span class=\"S1PPyQ\">069 30065501<\/span><br \/>\n<a href=\"mailto:info@europejobcenter.de\"><strong>info@europejobcenter.de<\/strong><\/a><\/p>\n<p>[\/vc_column_text][vc_empty_space height=&#8220;&#8220; alter_height=&#8220;large&#8220; hide_on_mobile=&#8220;&#8220;][\/vc_column][vc_column width=&#8220;1\/4&#8243; scheme=&#8220;dark&#8220; css=&#8220;.vc_custom_1492090312414{background-color: #1439b6 !important;}&#8220;][vc_empty_space height=&#8220;&#8220; alter_height=&#8220;large&#8220; hide_on_mobile=&#8220;&#8220;]<div  id=\"sc_socials_1270318554\" \r\n\t\tclass=\"sc_socials sc_socials_default sc_align_center\"><div class=\"socials_wrap\"><a target=\"_blank\" href=\"https:\/\/twitter.com\/europejobcenter\" class=\"social_item social_item_style_icons social_item_type_icons\"><span class=\"social_icon social_twitter\"><span class=\"icon-twitter\"><\/span><\/span><\/a><a target=\"_blank\" href=\"https:\/\/business.facebook.com\/europejobcenter\" class=\"social_item social_item_style_icons social_item_type_icons\"><span class=\"social_icon social_facebook\"><span class=\"icon-facebook\"><\/span><\/span><\/a><a target=\"_blank\" href=\"https:\/\/www.linkedin.com\/europejobcenter\" class=\"social_item social_item_style_icons social_item_type_icons\"><span class=\"social_icon social_linkedin\"><span class=\"icon-linkedin\"><\/span><\/span><\/a><\/div><!-- \/.socials_wrap --><\/div><!-- \/.sc_socials -->[vc_empty_space height=&#8220;&#8220; alter_height=&#8220;large&#8220; hide_on_mobile=&#8220;&#8220;][\/vc_column][vc_column width=&#8220;1\/4&#8243; css=&#8220;.vc_custom_1650030710412{background-image: url(https:\/\/www.europejobcenter.com\/de\/wp-content\/uploads\/2017\/03\/post-5.jpg?id=93) !important;background-position: center !important;background-repeat: no-repeat !important;background-size: contain !important;}&#8220;][vc_gmaps link=&#8220;#E-8_JTNDaWZyYW1lJTIwc3JjJTNEJTIyaHR0cHMlM0ElMkYlMkZ3d3cuZ29vZ2xlLmNvbSUyRm1hcHMlMkZlbWJlZCUzRnBiJTNEJTIxMW0xOCUyMTFtMTIlMjExbTMlMjExZDI1NTcuMzYzMzIyMzEyMTI3JTIxMmQ4LjU2OTI0NjAxNTI5NzY1JTIxM2Q1MC4xMzU2MzQ3MTc4ODAzMiUyMTJtMyUyMTFmMCUyMTJmMCUyMTNmMCUyMTNtMiUyMTFpMTAyNCUyMTJpNzY4JTIxNGYxMy4xJTIxM20zJTIxMW0yJTIxMXMweDQ3YmQwOWYyYTNjMWVkZTUlMjUzQTB4ZjFkNzlkM2ExMmYwMDEyZSUyMTJzRUpDJTI1MjBDb25zdWx0aW5nJTI1MjAlMjUyNiUyNTIwUmVjcnVpdG1lbnQlMjUyMEdtYkglMjE1ZTAlMjEzbTIlMjExc2RlJTIxMnNkZSUyMTR2MTY1ODAwNjE4NzQ3MCUyMTVtMiUyMTFzZGUlMjEyc2RlJTIyJTIwd2lkdGglM0QlMjI2MDAlMjIlMjBoZWlnaHQlM0QlMjI0NTAlMjIlMjBzdHlsZSUzRCUyMmJvcmRlciUzQTAlM0IlMjIlMjBhbGxvd2Z1bGxzY3JlZW4lM0QlMjIlMjIlMjBsb2FkaW5nJTNEJTIybGF6eSUyMiUyMHJlZmVycmVycG9saWN5JTNEJTIybm8tcmVmZXJyZXItd2hlbi1kb3duZ3JhZGUlMjIlM0UlM0MlMkZpZnJhbWUlM0U=&#8220;][\/vc_column][vc_column width=&#8220;1\/4&#8243;][vc_empty_space height=&#8220;&#8220; alter_height=&#8220;large&#8220; hide_on_mobile=&#8220;&#8220;][vc_column_text]<\/p>\n<h6 style=\"text-align: center;\">Anschrift.:<\/h6>\n<p style=\"text-align: center;\">D\u00fcsseldorfer Stra\u00dfe 5-7<br \/>\n65760 Eschborn[\/vc_column_text][vc_empty_space height=&#8220;&#8220; alter_height=&#8220;large&#8220; hide_on_mobile=&#8220;&#8220;][\/vc_column][\/vc_row]<\/p>\n","protected":false},"excerpt":{"rendered":"<p>[vc_row][vc_column][\/vc_column][\/vc_row][vc_row full_height=&#8220;yes&#8220; css_animation=&#8220;fadeInRight&#8220;][vc_column][vc_empty_space height=&#8220;4.5em&#8220; alter_height=&#8220;none&#8220; hide_on_mobile=&#8220;&#8220;][\/vc_column][\/vc_row][vc_row full_width=&#8220;stretch_row_content_no_spaces&#8220; full_height=&#8220;yes&#8220; css_animation=&#8220;fadeInUp&#8220;][vc_column][\/vc_column][\/vc_row][vc_row full_width=&#8220;stretch_row_content_no_spaces&#8220; equal_height=&#8220;yes&#8220; content_placement=&#8220;middle&#8220; css_animation=&#8220;fadeInRight&#8220;][vc_column width=&#8220;1\/4&#8243; scheme=&#8220;dark&#8220; css=&#8220;.vc_custom_1492090302191{background-color: #090c1b !important;}&#8220;][vc_empty_space height=&#8220;&#8220; alter_height=&#8220;large&#8220; hide_on_mobile=&#8220;&#8220;][vc_column_text] Kontakt T: 069 30065501 F: 069 30065501 info@europejobcenter.de [\/vc_column_text][vc_empty_space height=&#8220;&#8220; alter_height=&#8220;large&#8220; hide_on_mobile=&#8220;&#8220;][\/vc_column][vc_column width=&#8220;1\/4&#8243; scheme=&#8220;dark&#8220; css=&#8220;.vc_custom_1492090312414{background-color: #1439b6 !important;}&#8220;][vc_empty_space height=&#8220;&#8220; alter_height=&#8220;large&#8220; hide_on_mobile=&#8220;&#8220;][vc_empty_space height=&#8220;&#8220; alter_height=&#8220;large&#8220; hide_on_mobile=&#8220;&#8220;][\/vc_column][vc_column width=&#8220;1\/4&#8243; css=&#8220;.vc_custom_1650030710412{background-image: url(https:\/\/www.europejobcenter.com\/de\/wp-content\/uploads\/2017\/03\/post-5.jpg?id=93) !important;background-position: center !important;background-repeat: no-repeat !important;background-size: contain !important;}&#8220;][vc_gmaps link=&#8220;#E-8_JTNDaWZyYW1lJTIwc3JjJTNEJTIyaHR0cHMlM0ElMkYlMkZ3d3cuZ29vZ2xlLmNvbSUyRm1hcHMlMkZlbWJlZCUzRnBiJTNEJTIxMW0xOCUyMTFtMTIlMjExbTMlMjExZDI1NTcuMzYzMzIyMzEyMTI3JTIxMmQ4LjU2OTI0NjAxNTI5NzY1JTIxM2Q1MC4xMzU2MzQ3MTc4ODAzMiUyMTJtMyUyMTFmMCUyMTJmMCUyMTNmMCUyMTNtMiUyMTFpMTAyNCUyMTJpNzY4JTIxNGYxMy4xJTIxM20zJTIxMW0yJTIxMXMweDQ3YmQwOWYyYTNjMWVkZTUlMjUzQTB4ZjFkNzlkM2ExMmYwMDEyZSUyMTJzRUpDJTI1MjBDb25zdWx0aW5nJTI1MjAlMjUyNiUyNTIwUmVjcnVpdG1lbnQlMjUyMEdtYkglMjE1ZTAlMjEzbTIlMjExc2RlJTIxMnNkZSUyMTR2MTY1ODAwNjE4NzQ3MCUyMTVtMiUyMTFzZGUlMjEyc2RlJTIyJTIwd2lkdGglM0QlMjI2MDAlMjIlMjBoZWlnaHQlM0QlMjI0NTAlMjIlMjBzdHlsZSUzRCUyMmJvcmRlciUzQTAlM0IlMjIlMjBhbGxvd2Z1bGxzY3JlZW4lM0QlMjIlMjIlMjBsb2FkaW5nJTNEJTIybGF6eSUyMiUyMHJlZmVycmVycG9saWN5JTNEJTIybm8tcmVmZXJyZXItd2hlbi1kb3duZ3JhZGUlMjIlM0UlM0MlMkZpZnJhbWUlM0U=&#8220;][\/vc_column][vc_column width=&#8220;1\/4&#8243;][vc_empty_space height=&#8220;&#8220; alter_height=&#8220;large&#8220; hide_on_mobile=&#8220;&#8220;][vc_column_text] Anschrift.:&hellip;<\/p>\n","protected":false},"author":2,"featured_media":0,"parent":0,"menu_order":0,"comment_status":"closed","ping_status":"closed","template":"","meta":{"_monsterinsights_skip_tracking":false,"_monsterinsights_sitenote_active":false,"_monsterinsights_sitenote_note":"","_monsterinsights_sitenote_category":0},"yoast_head":"<!-- This site is optimized with the Yoast SEO Premium plugin v19.3 (Yoast SEO v19.8) - https:\/\/yoast.com\/wordpress\/plugins\/seo\/ -->\n<title>F\u00fcr Unternehmen - Europe Job Center<\/title>\n<meta name=\"description\" content=\"EJC Consulting Recruitment GmbH ist eine Job-Such- und Recruiting-Plattform mit Sitz in Deutschland. Die Website bietet verschiedene Stellenangebote in verschiedenen Branchen f\u00fcr Jobsuchende und erm\u00f6glicht Arbeitgebern, die besten Kandidaten zu finden.\" \/>\n<meta name=\"robots\" content=\"index, follow, max-snippet:-1, max-image-preview:large, max-video-preview:-1\" \/>\n<link rel=\"canonical\" href=\"https:\/\/www.europejobcenter.com\/de\/\" \/>\n<meta property=\"og:locale\" content=\"de_DE\" \/>\n<meta property=\"og:type\" content=\"article\" \/>\n<meta property=\"og:title\" content=\"F\u00fcr Unternehmen\" \/>\n<meta property=\"og:description\" content=\"EJC Consulting Recruitment GmbH ist eine Job-Such- und Recruiting-Plattform mit Sitz in Deutschland. Die Website bietet verschiedene Stellenangebote in verschiedenen Branchen f\u00fcr Jobsuchende und erm\u00f6glicht Arbeitgebern, die besten Kandidaten zu finden.\" \/>\n<meta property=\"og:url\" content=\"https:\/\/www.europejobcenter.com\/de\/\" \/>\n<meta property=\"og:site_name\" content=\"Europe Job Center\" \/>\n<meta property=\"article:modified_time\" content=\"2023-04-06T12:48:25+00:00\" \/>\n<meta name=\"twitter:card\" content=\"summary_large_image\" \/>\n<meta name=\"twitter:label1\" content=\"Gesch\u00e4tzte Lesezeit\" \/>\n\t<meta name=\"twitter:data1\" content=\"1\u00a0Minute\" \/>\n<script type=\"application\/ld+json\" class=\"yoast-schema-graph\">{\"@context\":\"https:\/\/schema.org\",\"@graph\":[{\"@type\":\"WebPage\",\"@id\":\"https:\/\/www.europejobcenter.com\/de\/\",\"url\":\"https:\/\/www.europejobcenter.com\/de\/\",\"name\":\"F\u00fcr Unternehmen - Europe Job Center\",\"isPartOf\":{\"@id\":\"https:\/\/www.europejobcenter.com\/de\/#website\"},\"datePublished\":\"2017-03-16T10:03:26+00:00\",\"dateModified\":\"2023-04-06T12:48:25+00:00\",\"description\":\"EJC Consulting Recruitment GmbH ist eine Job-Such- und Recruiting-Plattform mit Sitz in Deutschland. Die Website bietet verschiedene Stellenangebote in verschiedenen Branchen f\u00fcr Jobsuchende und erm\u00f6glicht Arbeitgebern, die besten Kandidaten zu finden.\",\"breadcrumb\":{\"@id\":\"https:\/\/www.europejobcenter.com\/de\/#breadcrumb\"},\"inLanguage\":\"de\",\"potentialAction\":[{\"@type\":\"ReadAction\",\"target\":[\"https:\/\/www.europejobcenter.com\/de\/\"]}]},{\"@type\":\"BreadcrumbList\",\"@id\":\"https:\/\/www.europejobcenter.com\/de\/#breadcrumb\",\"itemListElement\":[{\"@type\":\"ListItem\",\"position\":1,\"name\":\"Anasayfa\",\"item\":\"https:\/\/www.europejobcenter.com\/de\/\"},{\"@type\":\"ListItem\",\"position\":2,\"name\":\"F\u00fcr Unternehmen\"}]},{\"@type\":\"WebSite\",\"@id\":\"https:\/\/www.europejobcenter.com\/de\/#website\",\"url\":\"https:\/\/www.europejobcenter.com\/de\/\",\"name\":\"Europe Job Center\",\"description\":\"Fachkr\u00e4fteeinwanderungsgesetz\",\"potentialAction\":[{\"@type\":\"SearchAction\",\"target\":{\"@type\":\"EntryPoint\",\"urlTemplate\":\"https:\/\/www.europejobcenter.com\/de\/?s={search_term_string}\"},\"query-input\":\"required name=search_term_string\"}],\"inLanguage\":\"de\"}]}<\/script>\n<!-- \/ Yoast SEO Premium plugin. -->","yoast_head_json":{"title":"F\u00fcr Unternehmen - Europe Job Center","description":"EJC Consulting Recruitment GmbH ist eine Job-Such- und Recruiting-Plattform mit Sitz in Deutschland. Die Website bietet verschiedene Stellenangebote in verschiedenen Branchen f\u00fcr Jobsuchende und erm\u00f6glicht Arbeitgebern, die besten Kandidaten zu finden.","robots":{"index":"index","follow":"follow","max-snippet":"max-snippet:-1","max-image-preview":"max-image-preview:large","max-video-preview":"max-video-preview:-1"},"canonical":"https:\/\/www.europejobcenter.com\/de\/","og_locale":"de_DE","og_type":"article","og_title":"F\u00fcr Unternehmen","og_description":"EJC Consulting Recruitment GmbH ist eine Job-Such- und Recruiting-Plattform mit Sitz in Deutschland. Die Website bietet verschiedene Stellenangebote in verschiedenen Branchen f\u00fcr Jobsuchende und erm\u00f6glicht Arbeitgebern, die besten Kandidaten zu finden.","og_url":"https:\/\/www.europejobcenter.com\/de\/","og_site_name":"Europe Job Center","article_modified_time":"2023-04-06T12:48:25+00:00","twitter_card":"summary_large_image","twitter_misc":{"Gesch\u00e4tzte Lesezeit":"1\u00a0Minute"},"schema":{"@context":"https:\/\/schema.org","@graph":[{"@type":"WebPage","@id":"https:\/\/www.europejobcenter.com\/de\/","url":"https:\/\/www.europejobcenter.com\/de\/","name":"F\u00fcr Unternehmen - Europe Job Center","isPartOf":{"@id":"https:\/\/www.europejobcenter.com\/de\/#website"},"datePublished":"2017-03-16T10:03:26+00:00","dateModified":"2023-04-06T12:48:25+00:00","description":"EJC Consulting Recruitment GmbH ist eine Job-Such- und Recruiting-Plattform mit Sitz in Deutschland. Die Website bietet verschiedene Stellenangebote in verschiedenen Branchen f\u00fcr Jobsuchende und erm\u00f6glicht Arbeitgebern, die besten Kandidaten zu finden.","breadcrumb":{"@id":"https:\/\/www.europejobcenter.com\/de\/#breadcrumb"},"inLanguage":"de","potentialAction":[{"@type":"ReadAction","target":["https:\/\/www.europejobcenter.com\/de\/"]}]},{"@type":"BreadcrumbList","@id":"https:\/\/www.europejobcenter.com\/de\/#breadcrumb","itemListElement":[{"@type":"ListItem","position":1,"name":"Anasayfa","item":"https:\/\/www.europejobcenter.com\/de\/"},{"@type":"ListItem","position":2,"name":"F\u00fcr Unternehmen"}]},{"@type":"WebSite","@id":"https:\/\/www.europejobcenter.com\/de\/#website","url":"https:\/\/www.europejobcenter.com\/de\/","name":"Europe Job Center","description":"Fachkr\u00e4fteeinwanderungsgesetz","potentialAction":[{"@type":"SearchAction","target":{"@type":"EntryPoint","urlTemplate":"https:\/\/www.europejobcenter.com\/de\/?s={search_term_string}"},"query-input":"required name=search_term_string"}],"inLanguage":"de"}]}},"_links":{"self":[{"href":"https:\/\/www.europejobcenter.com\/de\/wp-json\/wp\/v2\/pages\/303"}],"collection":[{"href":"https:\/\/www.europejobcenter.com\/de\/wp-json\/wp\/v2\/pages"}],"about":[{"href":"https:\/\/www.europejobcenter.com\/de\/wp-json\/wp\/v2\/types\/page"}],"author":[{"embeddable":true,"href":"https:\/\/www.europejobcenter.com\/de\/wp-json\/wp\/v2\/users\/2"}],"replies":[{"embeddable":true,"href":"https:\/\/www.europejobcenter.com\/de\/wp-json\/wp\/v2\/comments?post=303"}],"version-history":[{"count":30,"href":"https:\/\/www.europejobcenter.com\/de\/wp-json\/wp\/v2\/pages\/303\/revisions"}],"predecessor-version":[{"id":1267,"href":"https:\/\/www.europejobcenter.com\/de\/wp-json\/wp\/v2\/pages\/303\/revisions\/1267"}],"wp:attachment":[{"href":"https:\/\/www.europejobcenter.com\/de\/wp-json\/wp\/v2\/media?parent=303"}],"curies":[{"name":"wp","href":"https:\/\/api.w.org\/{rel}","templated":true}]}}