{"id":215,"date":"2017-03-15T11:41:05","date_gmt":"2017-03-15T08:41:05","guid":{"rendered":"http:\/\/christine-miller.dv.themerex.net\/?page_id=215"},"modified":"2022-04-15T18:55:39","modified_gmt":"2022-04-15T15:55:39","slug":"dienstleistungen","status":"publish","type":"page","link":"https:\/\/www.europejobcenter.com\/de\/dienstleistungen\/","title":{"rendered":"Dienstleistungen"},"content":{"rendered":"<p>[vc_row][vc_column]<div id=\"sc_services_911668486\" class=\"sc_services sc_services_default sc_services_featured_top\"><div class=\"sc_services_columns sc_item_columns sc_item_columns_2 trx_addons_columns_wrap columns_padding_bottom\"><div class=\"trx_addons_column-1_2\"><div class=\"sc_services_item with_content with_image sc_services_item_featured_top\">\r\n\t<div class=\"post_featured with_thumb hover_dots sc_services_item_thumb\"><img width=\"810\" height=\"456\" src=\"https:\/\/www.europejobcenter.com\/de\/wp-content\/uploads\/sites\/2\/2017\/03\/service-1-810x456.jpg\" class=\"attachment-christine-miller-thumb-big size-christine-miller-thumb-big wp-post-image\" alt=\"Anerkennung von Diplomen\" decoding=\"async\" loading=\"lazy\" srcset=\"https:\/\/www.europejobcenter.com\/de\/wp-content\/uploads\/sites\/2\/2017\/03\/service-1-810x456.jpg 810w, https:\/\/www.europejobcenter.com\/de\/wp-content\/uploads\/sites\/2\/2017\/03\/service-1-1170x658.jpg 1170w, https:\/\/www.europejobcenter.com\/de\/wp-content\/uploads\/sites\/2\/2017\/03\/service-1-270x152.jpg 270w\" sizes=\"(max-width: 810px) 100vw, 810px\" \/><div class=\"mask\"><\/div><a href=\"https:\/\/www.europejobcenter.com\/de\/services\/do-they-do-daily-report\/\" aria-hidden=\"true\" class=\"icons\"><span><\/span><span><\/span><span><\/span><\/a><\/div>\t\r\n\t<div class=\"sc_services_item_info\">\r\n\t\t<div class=\"sc_services_item_header\">\r\n\t\t\t<h4 class=\"sc_services_item_title\"><a href=\"https:\/\/www.europejobcenter.com\/de\/services\/do-they-do-daily-report\/\">Anerkennung von Diplomen<\/a><\/h4>\r\n\t\t\t<div class=\"sc_services_item_subtitle\"><a href=\"https:\/\/www.europejobcenter.com\/de\/services_group\/dienstleistung\/\" title=\"View all posts in Dienstleistung\">Dienstleistung<\/a><\/div>\r\n\t\t<\/div>\r\n\t\t\t\t\t<!--<div class=\"sc_services_item_content\"><p>Ut enim ad minim veniam, quis nostrud exercitation ullamco laboris nisaliquip ea commodoute irure dolor in repre.<\/p>\n<\/div> -->\r\n            <div class=\"sc_services_item_content\">Ut enim ad minim veniam, quis nostrud exercitation ullamco laboris ...<\/div>\r\n\t\t\t<div class=\"sc_services_item_button sc_item_button\"><a href=\"https:\/\/www.europejobcenter.com\/de\/services\/do-they-do-daily-report\/\" class=\"sc_button sc_button_simple\">Learn more<\/a><\/div>\r\n\t\t\t<\/div>\r\n<\/div>\r\n<\/div><div class=\"trx_addons_column-1_2\"><div class=\"sc_services_item with_content with_image sc_services_item_featured_top\">\r\n\t<div class=\"post_featured with_thumb hover_dots sc_services_item_thumb\"><img width=\"810\" height=\"456\" src=\"https:\/\/www.europejobcenter.com\/de\/wp-content\/uploads\/sites\/2\/2017\/03\/service-3-810x456.jpg\" class=\"attachment-christine-miller-thumb-big size-christine-miller-thumb-big wp-post-image\" alt=\"Zeitersparnis\" decoding=\"async\" loading=\"lazy\" srcset=\"https:\/\/www.europejobcenter.com\/de\/wp-content\/uploads\/sites\/2\/2017\/03\/service-3-810x456.jpg 810w, https:\/\/www.europejobcenter.com\/de\/wp-content\/uploads\/sites\/2\/2017\/03\/service-3-1170x658.jpg 1170w, https:\/\/www.europejobcenter.com\/de\/wp-content\/uploads\/sites\/2\/2017\/03\/service-3-270x152.jpg 270w\" sizes=\"(max-width: 810px) 100vw, 810px\" \/><div class=\"mask\"><\/div><a href=\"https:\/\/www.europejobcenter.com\/de\/services\/business-assistance\/\" aria-hidden=\"true\" class=\"icons\"><span><\/span><span><\/span><span><\/span><\/a><\/div>\t\r\n\t<div class=\"sc_services_item_info\">\r\n\t\t<div class=\"sc_services_item_header\">\r\n\t\t\t<h4 class=\"sc_services_item_title\"><a href=\"https:\/\/www.europejobcenter.com\/de\/services\/business-assistance\/\">Zeitersparnis<\/a><\/h4>\r\n\t\t\t<div class=\"sc_services_item_subtitle\"><a href=\"https:\/\/www.europejobcenter.com\/de\/services_group\/vorteile\/\" title=\"View all posts in Vorteile\">Vorteile<\/a><\/div>\r\n\t\t<\/div>\r\n\t\t\t\t\t<!--<div class=\"sc_services_item_content\"><p>Zeit ist Geld. Wir \u00fcbernehmen das gesamte Bewerbermanagement f\u00fcr Sie, sodass Sie sich anderen Aufgaben widmen k\u00f6nnen.<\/p>\n<\/div> -->\r\n            <div class=\"sc_services_item_content\">Zeit ist Geld. Wir \u00fcbernehmen das gesamte Bewerbermanagement f\u00fcr Sie, ...<\/div>\r\n\t\t\t<div class=\"sc_services_item_button sc_item_button\"><a href=\"https:\/\/www.europejobcenter.com\/de\/services\/business-assistance\/\" class=\"sc_button sc_button_simple\">Learn more<\/a><\/div>\r\n\t\t\t<\/div>\r\n<\/div>\r\n<\/div><div class=\"trx_addons_column-1_2\"><div class=\"sc_services_item with_content with_image sc_services_item_featured_top\">\r\n\t<div class=\"post_featured with_thumb hover_dots sc_services_item_thumb\"><img width=\"810\" height=\"456\" src=\"https:\/\/www.europejobcenter.com\/de\/wp-content\/uploads\/sites\/2\/2017\/03\/service-4-810x456.jpg\" class=\"attachment-christine-miller-thumb-big size-christine-miller-thumb-big wp-post-image\" alt=\"Passgenaue Kandidaten\" decoding=\"async\" loading=\"lazy\" srcset=\"https:\/\/www.europejobcenter.com\/de\/wp-content\/uploads\/sites\/2\/2017\/03\/service-4-810x456.jpg 810w, https:\/\/www.europejobcenter.com\/de\/wp-content\/uploads\/sites\/2\/2017\/03\/service-4-1170x658.jpg 1170w, https:\/\/www.europejobcenter.com\/de\/wp-content\/uploads\/sites\/2\/2017\/03\/service-4-270x152.jpg 270w\" sizes=\"(max-width: 810px) 100vw, 810px\" \/><div class=\"mask\"><\/div><a href=\"https:\/\/www.europejobcenter.com\/de\/services\/website-administration\/\" aria-hidden=\"true\" class=\"icons\"><span><\/span><span><\/span><span><\/span><\/a><\/div>\t\r\n\t<div class=\"sc_services_item_info\">\r\n\t\t<div class=\"sc_services_item_header\">\r\n\t\t\t<h4 class=\"sc_services_item_title\"><a href=\"https:\/\/www.europejobcenter.com\/de\/services\/website-administration\/\">Passgenaue Kandidaten<\/a><\/h4>\r\n\t\t\t<div class=\"sc_services_item_subtitle\"><a href=\"https:\/\/www.europejobcenter.com\/de\/services_group\/vorteile\/\" title=\"View all posts in Vorteile\">Vorteile<\/a><\/div>\r\n\t\t<\/div>\r\n\t\t\t\t\t<!--<div class=\"sc_services_item_content\"><p>Wir vermitteln Ihnen Kandidaten, die genau zu Ihren W\u00fcnschen und Anforderungen passen<\/p>\n<\/div> -->\r\n            <div class=\"sc_services_item_content\">Wir vermitteln Ihnen Kandidaten, die genau zu Ihren W\u00fcnschen und ...<\/div>\r\n\t\t\t<div class=\"sc_services_item_button sc_item_button\"><a href=\"https:\/\/www.europejobcenter.com\/de\/services\/website-administration\/\" class=\"sc_button sc_button_simple\">Learn more<\/a><\/div>\r\n\t\t\t<\/div>\r\n<\/div>\r\n<\/div><div class=\"trx_addons_column-1_2\"><div class=\"sc_services_item with_content with_image sc_services_item_featured_top\">\r\n\t<div class=\"post_featured with_thumb hover_dots sc_services_item_thumb\"><img width=\"810\" height=\"456\" src=\"https:\/\/www.europejobcenter.com\/de\/wp-content\/uploads\/sites\/2\/2017\/05\/clipart-3-810x456.jpg\" class=\"attachment-christine-miller-thumb-big size-christine-miller-thumb-big wp-post-image\" alt=\"Niedriger Aufwand\" decoding=\"async\" loading=\"lazy\" srcset=\"https:\/\/www.europejobcenter.com\/de\/wp-content\/uploads\/sites\/2\/2017\/05\/clipart-3-810x456.jpg 810w, https:\/\/www.europejobcenter.com\/de\/wp-content\/uploads\/sites\/2\/2017\/05\/clipart-3-1170x658.jpg 1170w, https:\/\/www.europejobcenter.com\/de\/wp-content\/uploads\/sites\/2\/2017\/05\/clipart-3-270x152.jpg 270w\" sizes=\"(max-width: 810px) 100vw, 810px\" \/><div class=\"mask\"><\/div><a href=\"https:\/\/www.europejobcenter.com\/de\/services\/handling-the-task\/\" aria-hidden=\"true\" class=\"icons\"><span><\/span><span><\/span><span><\/span><\/a><\/div>\t\r\n\t<div class=\"sc_services_item_info\">\r\n\t\t<div class=\"sc_services_item_header\">\r\n\t\t\t<h4 class=\"sc_services_item_title\"><a href=\"https:\/\/www.europejobcenter.com\/de\/services\/handling-the-task\/\">Niedriger Aufwand<\/a><\/h4>\r\n\t\t\t<div class=\"sc_services_item_subtitle\"><a href=\"https:\/\/www.europejobcenter.com\/de\/services_group\/vorteile\/\" title=\"View all posts in Vorteile\">Vorteile<\/a><\/div>\r\n\t\t<\/div>\r\n\t\t\t\t\t<!--<div class=\"sc_services_item_content\"><p>Wir \u00fcbernehmen nach Wunsch den gesamten Rekrutierungsprozess f\u00fcr Sie.<\/p>\n<\/div> -->\r\n            <div class=\"sc_services_item_content\">Wir \u00fcbernehmen nach Wunsch den gesamten Rekrutierungsprozess f\u00fcr Sie. ...<\/div>\r\n\t\t\t<div class=\"sc_services_item_button sc_item_button\"><a href=\"https:\/\/www.europejobcenter.com\/de\/services\/handling-the-task\/\" class=\"sc_button sc_button_simple\">Learn more<\/a><\/div>\r\n\t\t\t<\/div>\r\n<\/div>\r\n<\/div><div class=\"trx_addons_column-1_2\"><div class=\"sc_services_item with_content with_image sc_services_item_featured_top\">\r\n\t<div class=\"post_featured with_thumb hover_dots sc_services_item_thumb\"><img width=\"810\" height=\"456\" src=\"https:\/\/www.europejobcenter.com\/de\/wp-content\/uploads\/sites\/2\/2017\/03\/post-13-810x456.jpg\" class=\"attachment-christine-miller-thumb-big size-christine-miller-thumb-big wp-post-image\" alt=\"Kompetente Beratung\" decoding=\"async\" loading=\"lazy\" srcset=\"https:\/\/www.europejobcenter.com\/de\/wp-content\/uploads\/sites\/2\/2017\/03\/post-13-810x456.jpg 810w, https:\/\/www.europejobcenter.com\/de\/wp-content\/uploads\/sites\/2\/2017\/03\/post-13-1170x658.jpg 1170w, https:\/\/www.europejobcenter.com\/de\/wp-content\/uploads\/sites\/2\/2017\/03\/post-13-270x152.jpg 270w\" sizes=\"(max-width: 810px) 100vw, 810px\" \/><div class=\"mask\"><\/div><a href=\"https:\/\/www.europejobcenter.com\/de\/services\/creating-to-do-list\/\" aria-hidden=\"true\" class=\"icons\"><span><\/span><span><\/span><span><\/span><\/a><\/div>\t\r\n\t<div class=\"sc_services_item_info\">\r\n\t\t<div class=\"sc_services_item_header\">\r\n\t\t\t<h4 class=\"sc_services_item_title\"><a href=\"https:\/\/www.europejobcenter.com\/de\/services\/creating-to-do-list\/\">Kompetente Beratung<\/a><\/h4>\r\n\t\t\t<div class=\"sc_services_item_subtitle\"><a href=\"https:\/\/www.europejobcenter.com\/de\/services_group\/vorteile\/\" title=\"View all posts in Vorteile\">Vorteile<\/a><\/div>\r\n\t\t<\/div>\r\n\t\t\t\t\t<!--<div class=\"sc_services_item_content\"><p>Wir beraten Sie w\u00e4hrend des gesamten Vermittlungsprozesses. <\/p>\n<\/div> -->\r\n            <div class=\"sc_services_item_content\">Wir beraten Sie w\u00e4hrend des gesamten Vermittlungsprozesses.  ...<\/div>\r\n\t\t\t<div class=\"sc_services_item_button sc_item_button\"><a href=\"https:\/\/www.europejobcenter.com\/de\/services\/creating-to-do-list\/\" class=\"sc_button sc_button_simple\">Learn more<\/a><\/div>\r\n\t\t\t<\/div>\r\n<\/div>\r\n<\/div><div class=\"trx_addons_column-1_2\"><div class=\"sc_services_item with_content with_image sc_services_item_featured_top\">\r\n\t<span class=\"sc_services_item_number\">06<\/span>\t\r\n\t<div class=\"sc_services_item_info\">\r\n\t\t<div class=\"sc_services_item_header\">\r\n\t\t\t<h4 class=\"sc_services_item_title\"><a href=\"https:\/\/www.europejobcenter.com\/de\/services\/organisation-anerkennungsverfahren\/\">Organisation Anerkennungsverfahren<\/a><\/h4>\r\n\t\t\t<div class=\"sc_services_item_subtitle\"><a href=\"https:\/\/www.europejobcenter.com\/de\/services_group\/dienstleistung\/\" title=\"View all posts in Dienstleistung\">Dienstleistung<\/a><\/div>\r\n\t\t<\/div>\r\n\t\t\t\t\t<!--<div class=\"sc_services_item_content\"><p>Detail f\u00fcr Organisation Anerkennungsverfahren<\/p>\n<\/div> -->\r\n            <div class=\"sc_services_item_content\">Detail f\u00fcr Organisation Anerkennungsverfahren ...<\/div>\r\n\t\t\t<div class=\"sc_services_item_button sc_item_button\"><a href=\"https:\/\/www.europejobcenter.com\/de\/services\/organisation-anerkennungsverfahren\/\" class=\"sc_button sc_button_simple\">Learn more<\/a><\/div>\r\n\t\t\t<\/div>\r\n<\/div>\r\n<\/div><div class=\"trx_addons_column-1_2\"><div class=\"sc_services_item with_content with_image sc_services_item_featured_top\">\r\n\t<span class=\"sc_services_item_number\">07<\/span>\t\r\n\t<div class=\"sc_services_item_info\">\r\n\t\t<div class=\"sc_services_item_header\">\r\n\t\t\t<h4 class=\"sc_services_item_title\"><a href=\"https:\/\/www.europejobcenter.com\/de\/services\/begleitung-bei-behoerdegaengen\/\">Begleitung bei Beh\u00f6rdeg\u00e4ngen<\/a><\/h4>\r\n\t\t\t<div class=\"sc_services_item_subtitle\"><a href=\"https:\/\/www.europejobcenter.com\/de\/services_group\/dienstleistung\/\" title=\"View all posts in Dienstleistung\">Dienstleistung<\/a><\/div>\r\n\t\t<\/div>\r\n\t\t\t\t\t<!--<div class=\"sc_services_item_content\"><p>Detail f\u00fcr Begleitung bei Beh\u00f6rdeg\u00e4ngen<\/p>\n<\/div> -->\r\n            <div class=\"sc_services_item_content\">Detail f\u00fcr Begleitung bei Beh\u00f6rdeg\u00e4ngen ...<\/div>\r\n\t\t\t<div class=\"sc_services_item_button sc_item_button\"><a href=\"https:\/\/www.europejobcenter.com\/de\/services\/begleitung-bei-behoerdegaengen\/\" class=\"sc_button sc_button_simple\">Learn more<\/a><\/div>\r\n\t\t\t<\/div>\r\n<\/div>\r\n<\/div><div class=\"trx_addons_column-1_2\"><div class=\"sc_services_item with_content with_image sc_services_item_featured_top\">\r\n\t<span class=\"sc_services_item_number\">08<\/span>\t\r\n\t<div class=\"sc_services_item_info\">\r\n\t\t<div class=\"sc_services_item_header\">\r\n\t\t\t<h4 class=\"sc_services_item_title\"><a href=\"https:\/\/www.europejobcenter.com\/de\/services\/betreuung-intergration-am-arbeitsplatz\/\">Betreuung\/ Intergration am Arbeitsplatz<\/a><\/h4>\r\n\t\t\t<div class=\"sc_services_item_subtitle\"><a href=\"https:\/\/www.europejobcenter.com\/de\/services_group\/dienstleistung\/\" title=\"View all posts in Dienstleistung\">Dienstleistung<\/a><\/div>\r\n\t\t<\/div>\r\n\t\t\t\t\t<!--<div class=\"sc_services_item_content\"><p>Detail f\u00fcr Betreuung\/ Intergration am Arbeitsplatz<\/p>\n<\/div> -->\r\n            <div class=\"sc_services_item_content\">Detail f\u00fcr Betreuung\/ Intergration am Arbeitsplatz ...<\/div>\r\n\t\t\t<div class=\"sc_services_item_button sc_item_button\"><a href=\"https:\/\/www.europejobcenter.com\/de\/services\/betreuung-intergration-am-arbeitsplatz\/\" class=\"sc_button sc_button_simple\">Learn more<\/a><\/div>\r\n\t\t\t<\/div>\r\n<\/div>\r\n<\/div><div class=\"trx_addons_column-1_2\"><div class=\"sc_services_item with_content with_image sc_services_item_featured_top\">\r\n\t<span class=\"sc_services_item_number\">09<\/span>\t\r\n\t<div class=\"sc_services_item_info\">\r\n\t\t<div class=\"sc_services_item_header\">\r\n\t\t\t<h4 class=\"sc_services_item_title\"><a href=\"https:\/\/www.europejobcenter.com\/de\/services\/wohnungsangebote-bei-einer-unseren-partner\/\">Wohnungsangebote bei einer unseren Partner<\/a><\/h4>\r\n\t\t\t<div class=\"sc_services_item_subtitle\"><a href=\"https:\/\/www.europejobcenter.com\/de\/services_group\/dienstleistung\/\" title=\"View all posts in Dienstleistung\">Dienstleistung<\/a><\/div>\r\n\t\t<\/div>\r\n\t\t\t\t\t<!--<div class=\"sc_services_item_content\"><p>Detail f\u00fcr Wohnungsangebote bei einer unseren Partner<\/p>\n<\/div> -->\r\n            <div class=\"sc_services_item_content\">Detail f\u00fcr Wohnungsangebote bei einer unseren Partner ...<\/div>\r\n\t\t\t<div class=\"sc_services_item_button sc_item_button\"><a href=\"https:\/\/www.europejobcenter.com\/de\/services\/wohnungsangebote-bei-einer-unseren-partner\/\" class=\"sc_button sc_button_simple\">Learn more<\/a><\/div>\r\n\t\t\t<\/div>\r\n<\/div>\r\n<\/div><div class=\"trx_addons_column-1_2\"><div class=\"sc_services_item with_content with_image sc_services_item_featured_top\">\r\n\t<span class=\"sc_services_item_number\">10<\/span>\t\r\n\t<div class=\"sc_services_item_info\">\r\n\t\t<div class=\"sc_services_item_header\">\r\n\t\t\t<h4 class=\"sc_services_item_title\"><a href=\"https:\/\/www.europejobcenter.com\/de\/services\/unterstuetzung-bei-der-beantragung-von-visa-aufenthaltsgenehmigung-und-arbeitserlaubnis-durch-unsere-partneranwaelte\/\">Unterst\u00fctzung bei der Beantragung von Visa, Aufenthaltsgenehmigung  und Arbeitserlaubnis durch unsere Partneranw\u00e4lte<\/a><\/h4>\r\n\t\t\t<div class=\"sc_services_item_subtitle\"><a href=\"https:\/\/www.europejobcenter.com\/de\/services_group\/dienstleistung\/\" title=\"View all posts in Dienstleistung\">Dienstleistung<\/a><\/div>\r\n\t\t<\/div>\r\n\t\t\t\t\t<!--<div class=\"sc_services_item_content\"><p>Detail f\u00fcr Unterst\u00fctzung bei der Beantragung von Visa, Aufenthaltsgenehmigung und Arbeitserlaubnis durch unsere Partneranw\u00e4lte<\/p>\n<\/div> -->\r\n            <div class=\"sc_services_item_content\">Detail f\u00fcr Unterst\u00fctzung bei der Beantragung von Visa, Aufenthaltsgenehmigung und ...<\/div>\r\n\t\t\t<div class=\"sc_services_item_button sc_item_button\"><a href=\"https:\/\/www.europejobcenter.com\/de\/services\/unterstuetzung-bei-der-beantragung-von-visa-aufenthaltsgenehmigung-und-arbeitserlaubnis-durch-unsere-partneranwaelte\/\" class=\"sc_button sc_button_simple\">Learn more<\/a><\/div>\r\n\t\t\t<\/div>\r\n<\/div>\r\n<\/div><div class=\"trx_addons_column-1_2\"><div class=\"sc_services_item with_content with_image sc_services_item_featured_top\">\r\n\t<span class=\"sc_services_item_number\">11<\/span>\t\r\n\t<div class=\"sc_services_item_info\">\r\n\t\t<div class=\"sc_services_item_header\">\r\n\t\t\t<h4 class=\"sc_services_item_title\"><a href=\"https:\/\/www.europejobcenter.com\/de\/services\/umzug\/\">Umzug<\/a><\/h4>\r\n\t\t\t<div class=\"sc_services_item_subtitle\"><a href=\"https:\/\/www.europejobcenter.com\/de\/services_group\/dienstleistung\/\" title=\"View all posts in Dienstleistung\">Dienstleistung<\/a><\/div>\r\n\t\t<\/div>\r\n\t\t\t\t\t<!--<div class=\"sc_services_item_content\"><p>Umzug aciklama.<\/p>\n<\/div> -->\r\n            <div class=\"sc_services_item_content\">Umzug aciklama. ...<\/div>\r\n\t\t\t<div class=\"sc_services_item_button sc_item_button\"><a href=\"https:\/\/www.europejobcenter.com\/de\/services\/umzug\/\" class=\"sc_button sc_button_simple\">Learn more<\/a><\/div>\r\n\t\t\t<\/div>\r\n<\/div>\r\n<\/div><div class=\"trx_addons_column-1_2\"><div class=\"sc_services_item with_content with_image sc_services_item_featured_top\">\r\n\t<span class=\"sc_services_item_number\">12<\/span>\t\r\n\t<div class=\"sc_services_item_info\">\r\n\t\t<div class=\"sc_services_item_header\">\r\n\t\t\t<h4 class=\"sc_services_item_title\"><a href=\"https:\/\/www.europejobcenter.com\/de\/services\/neu-dienstleistung\/\">Neue Leistungen<\/a><\/h4>\r\n\t\t\t<div class=\"sc_services_item_subtitle\"><a href=\"https:\/\/www.europejobcenter.com\/de\/services_group\/dienstleistung\/\" title=\"View all posts in Dienstleistung\">Dienstleistung<\/a><\/div>\r\n\t\t<\/div>\r\n\t\t\t\t\t<!--<div class=\"sc_services_item_content\"><p>Loruem ipsum dollar&#8230;Loruem ipsum dollar&#8230;Loruem ipsum Loruem ipsum dollar&#8230;Loruem ipsum dollar&#8230;Loruem ipsum Loruem ipsum dollar&#8230;Loruem ipsum dollar&#8230;Loruem ipsum Loruem ipsum dollar&#8230;Loruem ipsum dollar&#8230;Loruem ipsum Loruem ipsum dollar&#8230;Loruem ipsum dollar&#8230;Loruem ipsum dollar&#8230;Loruem ipsum dollar&#8230;Loruem ipsum dollar&#8230;Loruem ipsum Loruem ipsum dollar&#8230;Loruem ipsum dollar&#8230;Loruem ipsum Loruem ipsum dollar&#8230;Loruem ipsum dollar&#8230;Loruem ipsum Loruem ipsum dollar&#8230;Loruem ipsum dollar&#8230;Loruem ipsum Loruem ipsum dollar&#8230;Loruem ipsum dollar&#8230;Loruem ipsum&hellip;<\/p>\n<\/div> -->\r\n            <div class=\"sc_services_item_content\">Loruem ipsum dollar&#8230;Loruem ipsum dollar&#8230;Loruem ipsum Loruem ipsum dollar&#8230;Loruem ipsum ...<\/div>\r\n\t\t\t<div class=\"sc_services_item_button sc_item_button\"><a href=\"https:\/\/www.europejobcenter.com\/de\/services\/neu-dienstleistung\/\" class=\"sc_button sc_button_simple\">Learn more<\/a><\/div>\r\n\t\t\t<\/div>\r\n<\/div>\r\n<\/div><\/div><\/div><!-- \/.sc_services -->[\/vc_column][\/vc_row]<\/p>\n","protected":false},"excerpt":{"rendered":"<p>[vc_row][vc_column][\/vc_column][\/vc_row]<\/p>\n","protected":false},"author":2,"featured_media":0,"parent":0,"menu_order":0,"comment_status":"closed","ping_status":"closed","template":"","meta":{"_monsterinsights_skip_tracking":false,"_monsterinsights_sitenote_active":false,"_monsterinsights_sitenote_note":"","_monsterinsights_sitenote_category":0},"yoast_head":"<!-- This site is optimized with the Yoast SEO Premium plugin v19.3 (Yoast SEO v19.8) - https:\/\/yoast.com\/wordpress\/plugins\/seo\/ -->\n<title>Dienstleistungen - Europe Job Center<\/title>\n<meta name=\"robots\" content=\"index, follow, max-snippet:-1, max-image-preview:large, max-video-preview:-1\" \/>\n<link rel=\"canonical\" href=\"https:\/\/www.europejobcenter.com\/de\/dienstleistungen\/\" \/>\n<meta property=\"og:locale\" content=\"de_DE\" \/>\n<meta property=\"og:type\" content=\"article\" \/>\n<meta property=\"og:title\" content=\"Dienstleistungen\" \/>\n<meta property=\"og:description\" content=\"[vc_row][vc_column][\/vc_column][\/vc_row]\" \/>\n<meta property=\"og:url\" content=\"https:\/\/www.europejobcenter.com\/de\/dienstleistungen\/\" \/>\n<meta property=\"og:site_name\" content=\"Europe Job Center\" \/>\n<meta property=\"article:modified_time\" content=\"2022-04-15T15:55:39+00:00\" \/>\n<meta name=\"twitter:card\" content=\"summary_large_image\" \/>\n<script type=\"application\/ld+json\" class=\"yoast-schema-graph\">{\"@context\":\"https:\/\/schema.org\",\"@graph\":[{\"@type\":\"WebPage\",\"@id\":\"https:\/\/www.europejobcenter.com\/de\/dienstleistungen\/\",\"url\":\"https:\/\/www.europejobcenter.com\/de\/dienstleistungen\/\",\"name\":\"Dienstleistungen - Europe Job Center\",\"isPartOf\":{\"@id\":\"https:\/\/www.europejobcenter.com\/de\/#website\"},\"datePublished\":\"2017-03-15T08:41:05+00:00\",\"dateModified\":\"2022-04-15T15:55:39+00:00\",\"breadcrumb\":{\"@id\":\"https:\/\/www.europejobcenter.com\/de\/dienstleistungen\/#breadcrumb\"},\"inLanguage\":\"de\",\"potentialAction\":[{\"@type\":\"ReadAction\",\"target\":[\"https:\/\/www.europejobcenter.com\/de\/dienstleistungen\/\"]}]},{\"@type\":\"BreadcrumbList\",\"@id\":\"https:\/\/www.europejobcenter.com\/de\/dienstleistungen\/#breadcrumb\",\"itemListElement\":[{\"@type\":\"ListItem\",\"position\":1,\"name\":\"Anasayfa\",\"item\":\"https:\/\/www.europejobcenter.com\/de\/\"},{\"@type\":\"ListItem\",\"position\":2,\"name\":\"Dienstleistungen\"}]},{\"@type\":\"WebSite\",\"@id\":\"https:\/\/www.europejobcenter.com\/de\/#website\",\"url\":\"https:\/\/www.europejobcenter.com\/de\/\",\"name\":\"Europe Job Center\",\"description\":\"Fachkr\u00e4fteeinwanderungsgesetz\",\"potentialAction\":[{\"@type\":\"SearchAction\",\"target\":{\"@type\":\"EntryPoint\",\"urlTemplate\":\"https:\/\/www.europejobcenter.com\/de\/?s={search_term_string}\"},\"query-input\":\"required name=search_term_string\"}],\"inLanguage\":\"de\"}]}<\/script>\n<!-- \/ Yoast SEO Premium plugin. -->","yoast_head_json":{"title":"Dienstleistungen - Europe Job Center","robots":{"index":"index","follow":"follow","max-snippet":"max-snippet:-1","max-image-preview":"max-image-preview:large","max-video-preview":"max-video-preview:-1"},"canonical":"https:\/\/www.europejobcenter.com\/de\/dienstleistungen\/","og_locale":"de_DE","og_type":"article","og_title":"Dienstleistungen","og_description":"[vc_row][vc_column][\/vc_column][\/vc_row]","og_url":"https:\/\/www.europejobcenter.com\/de\/dienstleistungen\/","og_site_name":"Europe Job Center","article_modified_time":"2022-04-15T15:55:39+00:00","twitter_card":"summary_large_image","schema":{"@context":"https:\/\/schema.org","@graph":[{"@type":"WebPage","@id":"https:\/\/www.europejobcenter.com\/de\/dienstleistungen\/","url":"https:\/\/www.europejobcenter.com\/de\/dienstleistungen\/","name":"Dienstleistungen - Europe Job Center","isPartOf":{"@id":"https:\/\/www.europejobcenter.com\/de\/#website"},"datePublished":"2017-03-15T08:41:05+00:00","dateModified":"2022-04-15T15:55:39+00:00","breadcrumb":{"@id":"https:\/\/www.europejobcenter.com\/de\/dienstleistungen\/#breadcrumb"},"inLanguage":"de","potentialAction":[{"@type":"ReadAction","target":["https:\/\/www.europejobcenter.com\/de\/dienstleistungen\/"]}]},{"@type":"BreadcrumbList","@id":"https:\/\/www.europejobcenter.com\/de\/dienstleistungen\/#breadcrumb","itemListElement":[{"@type":"ListItem","position":1,"name":"Anasayfa","item":"https:\/\/www.europejobcenter.com\/de\/"},{"@type":"ListItem","position":2,"name":"Dienstleistungen"}]},{"@type":"WebSite","@id":"https:\/\/www.europejobcenter.com\/de\/#website","url":"https:\/\/www.europejobcenter.com\/de\/","name":"Europe Job Center","description":"Fachkr\u00e4fteeinwanderungsgesetz","potentialAction":[{"@type":"SearchAction","target":{"@type":"EntryPoint","urlTemplate":"https:\/\/www.europejobcenter.com\/de\/?s={search_term_string}"},"query-input":"required name=search_term_string"}],"inLanguage":"de"}]}},"_links":{"self":[{"href":"https:\/\/www.europejobcenter.com\/de\/wp-json\/wp\/v2\/pages\/215"}],"collection":[{"href":"https:\/\/www.europejobcenter.com\/de\/wp-json\/wp\/v2\/pages"}],"about":[{"href":"https:\/\/www.europejobcenter.com\/de\/wp-json\/wp\/v2\/types\/page"}],"author":[{"embeddable":true,"href":"https:\/\/www.europejobcenter.com\/de\/wp-json\/wp\/v2\/users\/2"}],"replies":[{"embeddable":true,"href":"https:\/\/www.europejobcenter.com\/de\/wp-json\/wp\/v2\/comments?post=215"}],"version-history":[{"count":6,"href":"https:\/\/www.europejobcenter.com\/de\/wp-json\/wp\/v2\/pages\/215\/revisions"}],"predecessor-version":[{"id":1234,"href":"https:\/\/www.europejobcenter.com\/de\/wp-json\/wp\/v2\/pages\/215\/revisions\/1234"}],"wp:attachment":[{"href":"https:\/\/www.europejobcenter.com\/de\/wp-json\/wp\/v2\/media?parent=215"}],"curies":[{"name":"wp","href":"https:\/\/api.w.org\/{rel}","templated":true}]}}